{"id":48,"date":"2021-10-18T22:23:40","date_gmt":"2021-10-18T20:23:40","guid":{"rendered":"https:\/\/www.montvalauto.com\/?page_id=48"},"modified":"2022-01-14T15:01:32","modified_gmt":"2022-01-14T14:01:32","slug":"blog","status":"publish","type":"page","link":"https:\/\/www.montvalauto.com\/index.php\/blog\/","title":{"rendered":"Partenaires"},"content":{"rendered":"\t\t<div data-elementor-type=\"wp-page\" data-elementor-id=\"48\" class=\"elementor elementor-48\">\n\t\t\t\t\t\t<section class=\"elementor-section elementor-top-section elementor-element elementor-element-6ec1509 elementor-section-boxed elementor-section-height-default elementor-section-height-default\" data-id=\"6ec1509\" data-element_type=\"section\" data-e-type=\"section\">\n\t\t\t\t\t\t<div class=\"elementor-container elementor-column-gap-default\">\n\t\t\t\t\t<div class=\"elementor-column elementor-col-100 elementor-top-column elementor-element elementor-element-358508b\" data-id=\"358508b\" data-element_type=\"column\" data-e-type=\"column\">\n\t\t\t<div class=\"elementor-widget-wrap elementor-element-populated\">\n\t\t\t\t\t\t<div class=\"elementor-element elementor-element-a50d35f elementor-widget elementor-widget-heading\" data-id=\"a50d35f\" data-element_type=\"widget\" data-e-type=\"widget\" data-widget_type=\"heading.default\">\n\t\t\t\t<div class=\"elementor-widget-container\">\n\t\t\t\t\t<h2 class=\"elementor-heading-title elementor-size-large\">Nos partenaires<\/h2>\t\t\t\t<\/div>\n\t\t\t\t<\/div>\n\t\t\t\t<div class=\"elementor-element elementor-element-847a8c7 elementor-widget elementor-widget-spacer\" data-id=\"847a8c7\" data-element_type=\"widget\" data-e-type=\"widget\" data-widget_type=\"spacer.default\">\n\t\t\t\t<div class=\"elementor-widget-container\">\n\t\t\t\t\t\t\t<div class=\"elementor-spacer\">\n\t\t\t<div class=\"elementor-spacer-inner\"><\/div>\n\t\t<\/div>\n\t\t\t\t\t\t<\/div>\n\t\t\t\t<\/div>\n\t\t\t\t\t<\/div>\n\t\t<\/div>\n\t\t\t\t\t<\/div>\n\t\t<\/section>\n\t\t\t\t<section class=\"elementor-section elementor-top-section elementor-element elementor-element-fc65ed1 elementor-section-boxed elementor-section-height-default elementor-section-height-default\" data-id=\"fc65ed1\" data-element_type=\"section\" data-e-type=\"section\">\n\t\t\t\t\t\t<div class=\"elementor-container elementor-column-gap-default\">\n\t\t\t\t\t<div class=\"elementor-column elementor-col-100 elementor-top-column elementor-element elementor-element-bd5e3fc\" data-id=\"bd5e3fc\" data-element_type=\"column\" data-e-type=\"column\">\n\t\t\t<div class=\"elementor-widget-wrap elementor-element-populated\">\n\t\t\t\t\t\t<div class=\"elementor-element elementor-element-ad3fbb4 elementor-widget elementor-widget-image\" data-id=\"ad3fbb4\" data-element_type=\"widget\" data-e-type=\"widget\" data-widget_type=\"image.default\">\n\t\t\t\t<div class=\"elementor-widget-container\">\n\t\t\t\t\t\t\t\t\t\t\t\t\t\t\t\t<a href=\"https:\/\/initiative-sarthe.fr\/\">\n\t\t\t\t\t\t\t<img decoding=\"async\" width=\"300\" height=\"121\" data-src=\"https:\/\/www.montvalauto.com\/wp-content\/uploads\/2022\/01\/INITIATIVE-SARTHE-CES-SF-300x121.png\" class=\"attachment-medium size-medium wp-image-324 lazyload\" alt=\"\" data-srcset=\"https:\/\/www.montvalauto.com\/wp-content\/uploads\/2022\/01\/INITIATIVE-SARTHE-CES-SF-300x121.png 300w, https:\/\/www.montvalauto.com\/wp-content\/uploads\/2022\/01\/INITIATIVE-SARTHE-CES-SF-1024x414.png 1024w, https:\/\/www.montvalauto.com\/wp-content\/uploads\/2022\/01\/INITIATIVE-SARTHE-CES-SF-768x311.png 768w, https:\/\/www.montvalauto.com\/wp-content\/uploads\/2022\/01\/INITIATIVE-SARTHE-CES-SF-1536x622.png 1536w, https:\/\/www.montvalauto.com\/wp-content\/uploads\/2022\/01\/INITIATIVE-SARTHE-CES-SF-2048x829.png 2048w\" data-sizes=\"(max-width: 300px) 100vw, 300px\" src=\"data:image\/svg+xml;base64,PHN2ZyB3aWR0aD0iMSIgaGVpZ2h0PSIxIiB4bWxucz0iaHR0cDovL3d3dy53My5vcmcvMjAwMC9zdmciPjwvc3ZnPg==\" style=\"--smush-placeholder-width: 300px; --smush-placeholder-aspect-ratio: 300\/121;\" \/>\t\t\t\t\t\t\t\t<\/a>\n\t\t\t\t\t\t\t\t\t\t\t\t\t\t\t<\/div>\n\t\t\t\t<\/div>\n\t\t\t\t\t<\/div>\n\t\t<\/div>\n\t\t\t\t\t<\/div>\n\t\t<\/section>\n\t\t\t\t<section class=\"elementor-section elementor-top-section elementor-element elementor-element-c3e9ff5 elementor-section-boxed elementor-section-height-default elementor-section-height-default\" data-id=\"c3e9ff5\" data-element_type=\"section\" data-e-type=\"section\">\n\t\t\t\t\t\t<div class=\"elementor-container elementor-column-gap-default\">\n\t\t\t\t\t<div class=\"elementor-column elementor-col-100 elementor-top-column elementor-element elementor-element-baa5f44\" data-id=\"baa5f44\" data-element_type=\"column\" data-e-type=\"column\">\n\t\t\t<div class=\"elementor-widget-wrap elementor-element-populated\">\n\t\t\t\t\t\t<div class=\"elementor-element elementor-element-b505516 elementor-widget elementor-widget-image\" data-id=\"b505516\" data-element_type=\"widget\" data-e-type=\"widget\" data-widget_type=\"image.default\">\n\t\t\t\t<div class=\"elementor-widget-container\">\n\t\t\t\t\t\t\t\t\t\t\t\t\t\t\t\t<a href=\"https:\/\/www.dossard.com\/\">\n\t\t\t\t\t\t\t<img decoding=\"async\" width=\"300\" height=\"74\" data-src=\"https:\/\/www.montvalauto.com\/wp-content\/uploads\/2022\/01\/imprimerie-gambetta-300x74.png\" class=\"attachment-medium size-medium wp-image-331 lazyload\" alt=\"\" data-srcset=\"https:\/\/www.montvalauto.com\/wp-content\/uploads\/2022\/01\/imprimerie-gambetta-300x74.png 300w, https:\/\/www.montvalauto.com\/wp-content\/uploads\/2022\/01\/imprimerie-gambetta.png 410w\" data-sizes=\"(max-width: 300px) 100vw, 300px\" src=\"data:image\/svg+xml;base64,PHN2ZyB3aWR0aD0iMSIgaGVpZ2h0PSIxIiB4bWxucz0iaHR0cDovL3d3dy53My5vcmcvMjAwMC9zdmciPjwvc3ZnPg==\" style=\"--smush-placeholder-width: 300px; --smush-placeholder-aspect-ratio: 300\/74;\" \/>\t\t\t\t\t\t\t\t<\/a>\n\t\t\t\t\t\t\t\t\t\t\t\t\t\t\t<\/div>\n\t\t\t\t<\/div>\n\t\t\t\t\t<\/div>\n\t\t<\/div>\n\t\t\t\t\t<\/div>\n\t\t<\/section>\n\t\t\t\t<section class=\"elementor-section elementor-top-section elementor-element elementor-element-112a368 elementor-section-boxed elementor-section-height-default elementor-section-height-default\" data-id=\"112a368\" data-element_type=\"section\" data-e-type=\"section\">\n\t\t\t\t\t\t<div class=\"elementor-container elementor-column-gap-default\">\n\t\t\t\t\t<div class=\"elementor-column elementor-col-100 elementor-top-column elementor-element elementor-element-bebaa36\" data-id=\"bebaa36\" data-element_type=\"column\" data-e-type=\"column\">\n\t\t\t<div class=\"elementor-widget-wrap elementor-element-populated\">\n\t\t\t\t\t\t<div class=\"elementor-element elementor-element-82a191b elementor-widget-divider--view-line elementor-widget elementor-widget-divider\" data-id=\"82a191b\" data-element_type=\"widget\" data-e-type=\"widget\" data-widget_type=\"divider.default\">\n\t\t\t\t<div class=\"elementor-widget-container\">\n\t\t\t\t\t\t\t<div class=\"elementor-divider\">\n\t\t\t<span class=\"elementor-divider-separator\">\n\t\t\t\t\t\t<\/span>\n\t\t<\/div>\n\t\t\t\t\t\t<\/div>\n\t\t\t\t<\/div>\n\t\t\t\t<div class=\"elementor-element elementor-element-9147b99 elementor-widget elementor-widget-image\" data-id=\"9147b99\" data-element_type=\"widget\" data-e-type=\"widget\" data-widget_type=\"image.default\">\n\t\t\t\t<div class=\"elementor-widget-container\">\n\t\t\t\t\t\t\t\t\t\t\t\t\t\t\t<img decoding=\"async\" data-src=\"https:\/\/www.montvalauto.com\/wp-content\/uploads\/elementor\/thumbs\/logo-ksoft-e1642101723181-piytj78l7uqopxwknlre40iwdpw292zj6aoxepytow.png\" title=\"ksoftinformatique\" alt=\"ksoftinformatique\" src=\"data:image\/svg+xml;base64,PHN2ZyB3aWR0aD0iMSIgaGVpZ2h0PSIxIiB4bWxucz0iaHR0cDovL3d3dy53My5vcmcvMjAwMC9zdmciPjwvc3ZnPg==\" class=\"lazyload\" style=\"--smush-placeholder-width: 400px; --smush-placeholder-aspect-ratio: 400\/200;\" \/>\t\t\t\t\t\t\t\t\t\t\t\t\t\t\t<\/div>\n\t\t\t\t<\/div>\n\t\t\t\t\t<\/div>\n\t\t<\/div>\n\t\t\t\t\t<\/div>\n\t\t<\/section>\n\t\t\t\t<section class=\"elementor-section elementor-top-section elementor-element elementor-element-7177e81 elementor-section-boxed elementor-section-height-default elementor-section-height-default\" data-id=\"7177e81\" data-element_type=\"section\" data-e-type=\"section\">\n\t\t\t\t\t\t<div class=\"elementor-container elementor-column-gap-default\">\n\t\t\t\t\t<div class=\"elementor-column elementor-col-100 elementor-top-column elementor-element elementor-element-eaf1025\" data-id=\"eaf1025\" data-element_type=\"column\" data-e-type=\"column\">\n\t\t\t<div class=\"elementor-widget-wrap\">\n\t\t\t\t\t\t\t<\/div>\n\t\t<\/div>\n\t\t\t\t\t<\/div>\n\t\t<\/section>\n\t\t\t\t<\/div>\n\t\t","protected":false},"excerpt":{"rendered":"<p>Nos partenaires<\/p>\n","protected":false},"author":2,"featured_media":0,"parent":0,"menu_order":0,"comment_status":"closed","ping_status":"closed","template":"","meta":{"ocean_post_layout":"","ocean_both_sidebars_style":"","ocean_both_sidebars_content_width":0,"ocean_both_sidebars_sidebars_width":0,"ocean_sidebar":"0","ocean_second_sidebar":"0","ocean_disable_margins":"enable","ocean_add_body_class":"","ocean_shortcode_before_top_bar":"","ocean_shortcode_after_top_bar":"","ocean_shortcode_before_header":"","ocean_shortcode_after_header":"","ocean_has_shortcode":"","ocean_shortcode_after_title":"","ocean_shortcode_before_footer_widgets":"","ocean_shortcode_after_footer_widgets":"","ocean_shortcode_before_footer_bottom":"","ocean_shortcode_after_footer_bottom":"","ocean_display_top_bar":"default","ocean_display_header":"default","ocean_header_style":"","ocean_center_header_left_menu":"0","ocean_custom_header_template":"0","ocean_custom_logo":0,"ocean_custom_retina_logo":0,"ocean_custom_logo_max_width":0,"ocean_custom_logo_tablet_max_width":0,"ocean_custom_logo_mobile_max_width":0,"ocean_custom_logo_max_height":0,"ocean_custom_logo_tablet_max_height":0,"ocean_custom_logo_mobile_max_height":0,"ocean_header_custom_menu":"0","ocean_menu_typo_font_family":"0","ocean_menu_typo_font_subset":"","ocean_menu_typo_font_size":0,"ocean_menu_typo_font_size_tablet":0,"ocean_menu_typo_font_size_mobile":0,"ocean_menu_typo_font_size_unit":"px","ocean_menu_typo_font_weight":"","ocean_menu_typo_font_weight_tablet":"","ocean_menu_typo_font_weight_mobile":"","ocean_menu_typo_transform":"","ocean_menu_typo_transform_tablet":"","ocean_menu_typo_transform_mobile":"","ocean_menu_typo_line_height":0,"ocean_menu_typo_line_height_tablet":0,"ocean_menu_typo_line_height_mobile":0,"ocean_menu_typo_line_height_unit":"","ocean_menu_typo_spacing":0,"ocean_menu_typo_spacing_tablet":0,"ocean_menu_typo_spacing_mobile":0,"ocean_menu_typo_spacing_unit":"","ocean_menu_link_color":"","ocean_menu_link_color_hover":"","ocean_menu_link_color_active":"","ocean_menu_link_background":"","ocean_menu_link_hover_background":"","ocean_menu_link_active_background":"","ocean_menu_social_links_bg":"","ocean_menu_social_hover_links_bg":"","ocean_menu_social_links_color":"","ocean_menu_social_hover_links_color":"","ocean_disable_title":"default","ocean_disable_heading":"default","ocean_post_title":"","ocean_post_subheading":"","ocean_post_title_style":"","ocean_post_title_background_color":"","ocean_post_title_background":0,"ocean_post_title_bg_image_position":"","ocean_post_title_bg_image_attachment":"","ocean_post_title_bg_image_repeat":"","ocean_post_title_bg_image_size":"","ocean_post_title_height":0,"ocean_post_title_bg_overlay":0.5,"ocean_post_title_bg_overlay_color":"","ocean_disable_breadcrumbs":"default","ocean_breadcrumbs_color":"","ocean_breadcrumbs_separator_color":"","ocean_breadcrumbs_links_color":"","ocean_breadcrumbs_links_hover_color":"","ocean_display_footer_widgets":"default","ocean_display_footer_bottom":"default","ocean_custom_footer_template":"0","footnotes":""},"class_list":["post-48","page","type-page","status-publish","hentry","entry"],"yoast_head":"<!-- This site is optimized with the Yoast SEO plugin v27.4 - https:\/\/yoast.com\/product\/yoast-seo-wordpress\/ -->\n<title>Partenaires - Montval Auto<\/title>\n<meta name=\"description\" content=\"Garagiste Montval Auto Moto M\u00e9canique g\u00e9n\u00e9rale Entretien v\u00e9hicule moteur 24h du Mans Monvalauto.com Pi\u00e8ces neuves et occasion\" \/>\n<meta name=\"robots\" content=\"index, follow, max-snippet:-1, max-image-preview:large, max-video-preview:-1\" \/>\n<link rel=\"canonical\" href=\"https:\/\/www.montvalauto.com\/index.php\/blog\/\" \/>\n<meta property=\"og:locale\" content=\"fr_FR\" \/>\n<meta property=\"og:type\" content=\"article\" \/>\n<meta property=\"og:title\" content=\"Partenaires - Montval Auto\" \/>\n<meta property=\"og:description\" content=\"Garagiste Montval Auto Moto M\u00e9canique g\u00e9n\u00e9rale Entretien v\u00e9hicule moteur 24h du Mans Monvalauto.com Pi\u00e8ces neuves et occasion\" \/>\n<meta property=\"og:url\" content=\"https:\/\/www.montvalauto.com\/index.php\/blog\/\" \/>\n<meta property=\"og:site_name\" content=\"Montval Auto\" \/>\n<meta property=\"article:modified_time\" content=\"2022-01-14T14:01:32+00:00\" \/>\n<meta property=\"og:image\" content=\"https:\/\/www.montvalauto.com\/wp-content\/uploads\/2022\/01\/INITIATIVE-SARTHE-CES-SF-300x121.png\" \/>\n<meta name=\"twitter:card\" content=\"summary_large_image\" \/>\n<meta name=\"twitter:label1\" content=\"Dur\u00e9e de lecture estim\u00e9e\" \/>\n\t<meta name=\"twitter:data1\" content=\"1 minute\" \/>\n<script type=\"application\/ld+json\" class=\"yoast-schema-graph\">{\"@context\":\"https:\\\/\\\/schema.org\",\"@graph\":[{\"@type\":\"WebPage\",\"@id\":\"https:\\\/\\\/www.montvalauto.com\\\/index.php\\\/blog\\\/\",\"url\":\"https:\\\/\\\/www.montvalauto.com\\\/index.php\\\/blog\\\/\",\"name\":\"Partenaires - Montval Auto\",\"isPartOf\":{\"@id\":\"https:\\\/\\\/www.montvalauto.com\\\/#website\"},\"primaryImageOfPage\":{\"@id\":\"https:\\\/\\\/www.montvalauto.com\\\/index.php\\\/blog\\\/#primaryimage\"},\"image\":{\"@id\":\"https:\\\/\\\/www.montvalauto.com\\\/index.php\\\/blog\\\/#primaryimage\"},\"thumbnailUrl\":\"https:\\\/\\\/www.montvalauto.com\\\/wp-content\\\/uploads\\\/2022\\\/01\\\/INITIATIVE-SARTHE-CES-SF-300x121.png\",\"datePublished\":\"2021-10-18T20:23:40+00:00\",\"dateModified\":\"2022-01-14T14:01:32+00:00\",\"description\":\"Garagiste Montval Auto Moto M\u00e9canique g\u00e9n\u00e9rale Entretien v\u00e9hicule moteur 24h du Mans Monvalauto.com Pi\u00e8ces neuves et occasion\",\"breadcrumb\":{\"@id\":\"https:\\\/\\\/www.montvalauto.com\\\/index.php\\\/blog\\\/#breadcrumb\"},\"inLanguage\":\"fr-FR\",\"potentialAction\":[{\"@type\":\"ReadAction\",\"target\":[\"https:\\\/\\\/www.montvalauto.com\\\/index.php\\\/blog\\\/\"]}]},{\"@type\":\"ImageObject\",\"inLanguage\":\"fr-FR\",\"@id\":\"https:\\\/\\\/www.montvalauto.com\\\/index.php\\\/blog\\\/#primaryimage\",\"url\":\"https:\\\/\\\/www.montvalauto.com\\\/wp-content\\\/uploads\\\/2022\\\/01\\\/INITIATIVE-SARTHE-CES-SF.png\",\"contentUrl\":\"https:\\\/\\\/www.montvalauto.com\\\/wp-content\\\/uploads\\\/2022\\\/01\\\/INITIATIVE-SARTHE-CES-SF.png\",\"width\":2481,\"height\":1004},{\"@type\":\"BreadcrumbList\",\"@id\":\"https:\\\/\\\/www.montvalauto.com\\\/index.php\\\/blog\\\/#breadcrumb\",\"itemListElement\":[{\"@type\":\"ListItem\",\"position\":1,\"name\":\"Accueil\",\"item\":\"https:\\\/\\\/www.montvalauto.com\\\/\"},{\"@type\":\"ListItem\",\"position\":2,\"name\":\"Partenaires\"}]},{\"@type\":\"WebSite\",\"@id\":\"https:\\\/\\\/www.montvalauto.com\\\/#website\",\"url\":\"https:\\\/\\\/www.montvalauto.com\\\/\",\"name\":\"Montval Auto\",\"description\":\"M\u00e9canique g\u00e9n\u00e9rale\",\"publisher\":{\"@id\":\"https:\\\/\\\/www.montvalauto.com\\\/#organization\"},\"potentialAction\":[{\"@type\":\"SearchAction\",\"target\":{\"@type\":\"EntryPoint\",\"urlTemplate\":\"https:\\\/\\\/www.montvalauto.com\\\/?s={search_term_string}\"},\"query-input\":{\"@type\":\"PropertyValueSpecification\",\"valueRequired\":true,\"valueName\":\"search_term_string\"}}],\"inLanguage\":\"fr-FR\"},{\"@type\":\"Organization\",\"@id\":\"https:\\\/\\\/www.montvalauto.com\\\/#organization\",\"name\":\"Montval Auto\",\"url\":\"https:\\\/\\\/www.montvalauto.com\\\/\",\"logo\":{\"@type\":\"ImageObject\",\"inLanguage\":\"fr-FR\",\"@id\":\"https:\\\/\\\/www.montvalauto.com\\\/#\\\/schema\\\/logo\\\/image\\\/\",\"url\":\"https:\\\/\\\/www.montvalauto.com\\\/wp-content\\\/uploads\\\/2021\\\/10\\\/logo-montval-auto-_page-0001.jpg\",\"contentUrl\":\"https:\\\/\\\/www.montvalauto.com\\\/wp-content\\\/uploads\\\/2021\\\/10\\\/logo-montval-auto-_page-0001.jpg\",\"width\":1275,\"height\":1650,\"caption\":\"Montval Auto\"},\"image\":{\"@id\":\"https:\\\/\\\/www.montvalauto.com\\\/#\\\/schema\\\/logo\\\/image\\\/\"}}]}<\/script>\n<!-- \/ Yoast SEO plugin. -->","yoast_head_json":{"title":"Partenaires - Montval Auto","description":"Garagiste Montval Auto Moto M\u00e9canique g\u00e9n\u00e9rale Entretien v\u00e9hicule moteur 24h du Mans Monvalauto.com Pi\u00e8ces neuves et occasion","robots":{"index":"index","follow":"follow","max-snippet":"max-snippet:-1","max-image-preview":"max-image-preview:large","max-video-preview":"max-video-preview:-1"},"canonical":"https:\/\/www.montvalauto.com\/index.php\/blog\/","og_locale":"fr_FR","og_type":"article","og_title":"Partenaires - Montval Auto","og_description":"Garagiste Montval Auto Moto M\u00e9canique g\u00e9n\u00e9rale Entretien v\u00e9hicule moteur 24h du Mans Monvalauto.com Pi\u00e8ces neuves et occasion","og_url":"https:\/\/www.montvalauto.com\/index.php\/blog\/","og_site_name":"Montval Auto","article_modified_time":"2022-01-14T14:01:32+00:00","og_image":[{"url":"https:\/\/www.montvalauto.com\/wp-content\/uploads\/2022\/01\/INITIATIVE-SARTHE-CES-SF-300x121.png","type":"","width":"","height":""}],"twitter_card":"summary_large_image","twitter_misc":{"Dur\u00e9e de lecture estim\u00e9e":"1 minute"},"schema":{"@context":"https:\/\/schema.org","@graph":[{"@type":"WebPage","@id":"https:\/\/www.montvalauto.com\/index.php\/blog\/","url":"https:\/\/www.montvalauto.com\/index.php\/blog\/","name":"Partenaires - Montval Auto","isPartOf":{"@id":"https:\/\/www.montvalauto.com\/#website"},"primaryImageOfPage":{"@id":"https:\/\/www.montvalauto.com\/index.php\/blog\/#primaryimage"},"image":{"@id":"https:\/\/www.montvalauto.com\/index.php\/blog\/#primaryimage"},"thumbnailUrl":"https:\/\/www.montvalauto.com\/wp-content\/uploads\/2022\/01\/INITIATIVE-SARTHE-CES-SF-300x121.png","datePublished":"2021-10-18T20:23:40+00:00","dateModified":"2022-01-14T14:01:32+00:00","description":"Garagiste Montval Auto Moto M\u00e9canique g\u00e9n\u00e9rale Entretien v\u00e9hicule moteur 24h du Mans Monvalauto.com Pi\u00e8ces neuves et occasion","breadcrumb":{"@id":"https:\/\/www.montvalauto.com\/index.php\/blog\/#breadcrumb"},"inLanguage":"fr-FR","potentialAction":[{"@type":"ReadAction","target":["https:\/\/www.montvalauto.com\/index.php\/blog\/"]}]},{"@type":"ImageObject","inLanguage":"fr-FR","@id":"https:\/\/www.montvalauto.com\/index.php\/blog\/#primaryimage","url":"https:\/\/www.montvalauto.com\/wp-content\/uploads\/2022\/01\/INITIATIVE-SARTHE-CES-SF.png","contentUrl":"https:\/\/www.montvalauto.com\/wp-content\/uploads\/2022\/01\/INITIATIVE-SARTHE-CES-SF.png","width":2481,"height":1004},{"@type":"BreadcrumbList","@id":"https:\/\/www.montvalauto.com\/index.php\/blog\/#breadcrumb","itemListElement":[{"@type":"ListItem","position":1,"name":"Accueil","item":"https:\/\/www.montvalauto.com\/"},{"@type":"ListItem","position":2,"name":"Partenaires"}]},{"@type":"WebSite","@id":"https:\/\/www.montvalauto.com\/#website","url":"https:\/\/www.montvalauto.com\/","name":"Montval Auto","description":"M\u00e9canique g\u00e9n\u00e9rale","publisher":{"@id":"https:\/\/www.montvalauto.com\/#organization"},"potentialAction":[{"@type":"SearchAction","target":{"@type":"EntryPoint","urlTemplate":"https:\/\/www.montvalauto.com\/?s={search_term_string}"},"query-input":{"@type":"PropertyValueSpecification","valueRequired":true,"valueName":"search_term_string"}}],"inLanguage":"fr-FR"},{"@type":"Organization","@id":"https:\/\/www.montvalauto.com\/#organization","name":"Montval Auto","url":"https:\/\/www.montvalauto.com\/","logo":{"@type":"ImageObject","inLanguage":"fr-FR","@id":"https:\/\/www.montvalauto.com\/#\/schema\/logo\/image\/","url":"https:\/\/www.montvalauto.com\/wp-content\/uploads\/2021\/10\/logo-montval-auto-_page-0001.jpg","contentUrl":"https:\/\/www.montvalauto.com\/wp-content\/uploads\/2021\/10\/logo-montval-auto-_page-0001.jpg","width":1275,"height":1650,"caption":"Montval Auto"},"image":{"@id":"https:\/\/www.montvalauto.com\/#\/schema\/logo\/image\/"}}]}},"_links":{"self":[{"href":"https:\/\/www.montvalauto.com\/index.php\/wp-json\/wp\/v2\/pages\/48","targetHints":{"allow":["GET"]}}],"collection":[{"href":"https:\/\/www.montvalauto.com\/index.php\/wp-json\/wp\/v2\/pages"}],"about":[{"href":"https:\/\/www.montvalauto.com\/index.php\/wp-json\/wp\/v2\/types\/page"}],"author":[{"embeddable":true,"href":"https:\/\/www.montvalauto.com\/index.php\/wp-json\/wp\/v2\/users\/2"}],"replies":[{"embeddable":true,"href":"https:\/\/www.montvalauto.com\/index.php\/wp-json\/wp\/v2\/comments?post=48"}],"version-history":[{"count":27,"href":"https:\/\/www.montvalauto.com\/index.php\/wp-json\/wp\/v2\/pages\/48\/revisions"}],"predecessor-version":[{"id":358,"href":"https:\/\/www.montvalauto.com\/index.php\/wp-json\/wp\/v2\/pages\/48\/revisions\/358"}],"wp:attachment":[{"href":"https:\/\/www.montvalauto.com\/index.php\/wp-json\/wp\/v2\/media?parent=48"}],"curies":[{"name":"wp","href":"https:\/\/api.w.org\/{rel}","templated":true}]}}