{"id":47,"date":"2021-10-18T22:23:40","date_gmt":"2021-10-18T20:23:40","guid":{"rendered":"https:\/\/www.montvalauto.com\/?page_id=47"},"modified":"2024-02-12T17:15:56","modified_gmt":"2024-02-12T16:15:56","slug":"contact","status":"publish","type":"page","link":"https:\/\/www.montvalauto.com\/index.php\/contact\/","title":{"rendered":"Contact"},"content":{"rendered":"\t\t<div data-elementor-type=\"wp-page\" data-elementor-id=\"47\" class=\"elementor elementor-47\">\n\t\t\t\t\t\t<section class=\"elementor-section elementor-top-section elementor-element elementor-element-367a5743 elementor-section-boxed elementor-section-height-default elementor-section-height-default\" data-id=\"367a5743\" data-element_type=\"section\" data-e-type=\"section\">\n\t\t\t\t\t\t<div class=\"elementor-container elementor-column-gap-default\">\n\t\t\t\t\t<div class=\"elementor-column elementor-col-100 elementor-top-column elementor-element elementor-element-1e7f1d19\" data-id=\"1e7f1d19\" data-element_type=\"column\" data-e-type=\"column\">\n\t\t\t<div class=\"elementor-widget-wrap elementor-element-populated\">\n\t\t\t\t\t\t<div class=\"elementor-element elementor-element-4e738efc elementor-widget elementor-widget-text-editor\" data-id=\"4e738efc\" data-element_type=\"widget\" data-e-type=\"widget\" data-widget_type=\"text-editor.default\">\n\t\t\t\t<div class=\"elementor-widget-container\">\n\t\t\t\t\t\t\t\t\t<p><\/p>\n<p>N&rsquo;h\u00e9sitez pas \u00e0 nous contacter en renseignant vos coordonn\u00e9es ci-dessous nous vous contacterons tr\u00e8s prochainement.<\/p>\n<p>ou par t\u00e9l\u00e9phone : 02 44 52 71 77 &#8212; 06 41 86 29 65 &#8212; 06 41 45 52 91<\/p>\n<p>Mail : montvalauto@gmail.com<\/p>\n<p>Vous pouvez aussi suivre notre actualit\u00e9 en cliquant sur l&rsquo;onglet Facebook ci-dessous.<\/p>\n<p><\/p>\t\t\t\t\t\t\t\t<\/div>\n\t\t\t\t<\/div>\n\t\t\t\t\t<\/div>\n\t\t<\/div>\n\t\t\t\t\t<\/div>\n\t\t<\/section>\n\t\t\t\t<section class=\"elementor-section elementor-top-section elementor-element elementor-element-bd54ca8 elementor-section-boxed elementor-section-height-default elementor-section-height-default\" data-id=\"bd54ca8\" data-element_type=\"section\" data-e-type=\"section\">\n\t\t\t\t\t\t<div class=\"elementor-container elementor-column-gap-default\">\n\t\t\t\t\t<div class=\"elementor-column elementor-col-100 elementor-top-column elementor-element elementor-element-816198c elementor-invisible\" data-id=\"816198c\" data-element_type=\"column\" data-e-type=\"column\" data-settings=\"{&quot;background_background&quot;:&quot;gradient&quot;,&quot;animation&quot;:&quot;fadeInDown&quot;}\">\n\t\t\t<div class=\"elementor-widget-wrap elementor-element-populated\">\n\t\t\t\t\t\t<div class=\"elementor-element elementor-element-66d124b elementor-widget elementor-widget-shortcode\" data-id=\"66d124b\" data-element_type=\"widget\" data-e-type=\"widget\" data-widget_type=\"shortcode.default\">\n\t\t\t\t<div class=\"elementor-widget-container\">\n\t\t\t\t\t\t\t<div class=\"elementor-shortcode\">\n<div class=\"wpcf7 no-js\" id=\"wpcf7-f157-o1\" lang=\"fr-FR\" dir=\"ltr\" data-wpcf7-id=\"157\">\n<div class=\"screen-reader-response\"><p role=\"status\" aria-live=\"polite\" aria-atomic=\"true\"><\/p> <ul><\/ul><\/div>\n<form action=\"\/index.php\/wp-json\/wp\/v2\/pages\/47#wpcf7-f157-o1\" method=\"post\" class=\"wpcf7-form init\" aria-label=\"Formulaire de contact\" enctype=\"multipart\/form-data\" novalidate=\"novalidate\" data-status=\"init\">\n<fieldset class=\"hidden-fields-container\"><input type=\"hidden\" name=\"_wpcf7\" value=\"157\" \/><input type=\"hidden\" name=\"_wpcf7_version\" value=\"6.1.5\" \/><input type=\"hidden\" name=\"_wpcf7_locale\" value=\"fr_FR\" \/><input type=\"hidden\" name=\"_wpcf7_unit_tag\" value=\"wpcf7-f157-o1\" \/><input type=\"hidden\" name=\"_wpcf7_container_post\" value=\"0\" \/><input type=\"hidden\" name=\"_wpcf7_posted_data_hash\" value=\"\" \/>\n<\/fieldset>\n<p><label> Votre nom<br \/>\n<span class=\"wpcf7-form-control-wrap\" data-name=\"your-name\"><input size=\"40\" maxlength=\"400\" class=\"wpcf7-form-control wpcf7-text wpcf7-validates-as-required\" aria-required=\"true\" aria-invalid=\"false\" value=\"\" type=\"text\" name=\"your-name\" \/><\/span> <\/label>\n<\/p>\n<p><label> Date<br \/>\n<span class=\"wpcf7-form-control-wrap\" data-name=\"date-584\"><input class=\"wpcf7-form-control wpcf7-date wpcf7-validates-as-date\" aria-invalid=\"false\" value=\"Date\" type=\"date\" name=\"date-584\" \/><\/span><\/label>\n<\/p>\n<p><label> Votre e-mail<br \/>\n<span class=\"wpcf7-form-control-wrap\" data-name=\"your-email\"><input size=\"40\" maxlength=\"400\" class=\"wpcf7-form-control wpcf7-email wpcf7-validates-as-required wpcf7-text wpcf7-validates-as-email\" aria-required=\"true\" aria-invalid=\"false\" value=\"\" type=\"email\" name=\"your-email\" \/><\/span> <\/label>\n<\/p>\n<p><label> Votre num\u00e9ro de t\u00e9l\u00e9phone<br \/>\n<span class=\"wpcf7-form-control-wrap\" data-name=\"tel-604\"><input size=\"40\" maxlength=\"400\" class=\"wpcf7-form-control wpcf7-tel wpcf7-text wpcf7-validates-as-tel\" aria-invalid=\"false\" value=\"\" type=\"tel\" name=\"tel-604\" \/><\/span> <\/label>\n<\/p>\n<p><label> Objet<br \/>\n<span class=\"wpcf7-form-control-wrap\" data-name=\"your-subject\"><input size=\"40\" maxlength=\"400\" class=\"wpcf7-form-control wpcf7-text wpcf7-validates-as-required\" aria-required=\"true\" aria-invalid=\"false\" value=\"\" type=\"text\" name=\"your-subject\" \/><\/span> <\/label>\n<\/p>\n<p><label> Votre message<br \/>\n<span class=\"wpcf7-form-control-wrap\" data-name=\"your-message\"><textarea cols=\"40\" rows=\"10\" maxlength=\"2000\" class=\"wpcf7-form-control wpcf7-textarea wpcf7-validates-as-required\" aria-required=\"true\" aria-invalid=\"false\" name=\"your-message\"><\/textarea><\/span> <\/label>\n<\/p>\n<p><label> Envoi copie de carte grise<br \/>\n<span class=\"wpcf7-form-control-wrap\" data-name=\"file-477\"><input size=\"40\" class=\"wpcf7-form-control wpcf7-file\" accept=\"audio\/*,video\/*,image\/*\" aria-invalid=\"false\" type=\"file\" name=\"file-477\" \/><\/span><\/label>\n<\/p>\n<p><input class=\"wpcf7-form-control wpcf7-submit has-spinner\" type=\"submit\" value=\"Envoyer\" \/>\n<\/p><p style=\"display: none !important;\" class=\"akismet-fields-container\" data-prefix=\"_wpcf7_ak_\"><label>&#916;<textarea name=\"_wpcf7_ak_hp_textarea\" cols=\"45\" rows=\"8\" maxlength=\"100\"><\/textarea><\/label><input type=\"hidden\" id=\"ak_js_1\" name=\"_wpcf7_ak_js\" value=\"180\"\/><script>document.getElementById( \"ak_js_1\" ).setAttribute( \"value\", ( new Date() ).getTime() );<\/script><\/p><div class=\"wpcf7-response-output\" aria-hidden=\"true\"><\/div>\n<\/form>\n<\/div>\n<\/div>\n\t\t\t\t\t\t<\/div>\n\t\t\t\t<\/div>\n\t\t\t\t\t<\/div>\n\t\t<\/div>\n\t\t\t\t\t<\/div>\n\t\t<\/section>\n\t\t\t\t<section class=\"elementor-section elementor-top-section elementor-element elementor-element-f8f27b5 elementor-section-boxed elementor-section-height-default elementor-section-height-default\" data-id=\"f8f27b5\" data-element_type=\"section\" data-e-type=\"section\">\n\t\t\t\t\t\t<div class=\"elementor-container elementor-column-gap-default\">\n\t\t\t\t\t<div class=\"elementor-column elementor-col-100 elementor-top-column elementor-element elementor-element-b3246b4\" data-id=\"b3246b4\" data-element_type=\"column\" data-e-type=\"column\">\n\t\t\t<div class=\"elementor-widget-wrap elementor-element-populated\">\n\t\t\t\t\t\t<div class=\"elementor-element elementor-element-365164f elementor-widget-divider--view-line elementor-widget elementor-widget-divider\" data-id=\"365164f\" data-element_type=\"widget\" data-e-type=\"widget\" data-widget_type=\"divider.default\">\n\t\t\t\t<div class=\"elementor-widget-container\">\n\t\t\t\t\t\t\t<div class=\"elementor-divider\">\n\t\t\t<span class=\"elementor-divider-separator\">\n\t\t\t\t\t\t<\/span>\n\t\t<\/div>\n\t\t\t\t\t\t<\/div>\n\t\t\t\t<\/div>\n\t\t\t\t\t<\/div>\n\t\t<\/div>\n\t\t\t\t\t<\/div>\n\t\t<\/section>\n\t\t\t\t<section class=\"elementor-section elementor-top-section elementor-element elementor-element-9333d62 elementor-section-boxed elementor-section-height-default elementor-section-height-default\" data-id=\"9333d62\" data-element_type=\"section\" data-e-type=\"section\">\n\t\t\t\t\t\t<div class=\"elementor-container elementor-column-gap-default\">\n\t\t\t\t\t<div class=\"elementor-column elementor-col-100 elementor-top-column elementor-element elementor-element-a645c00\" data-id=\"a645c00\" data-element_type=\"column\" data-e-type=\"column\">\n\t\t\t<div class=\"elementor-widget-wrap elementor-element-populated\">\n\t\t\t\t\t\t<div class=\"elementor-element elementor-element-d5bae1c elementor-shape-rounded elementor-grid-0 e-grid-align-center elementor-widget elementor-widget-social-icons\" data-id=\"d5bae1c\" data-element_type=\"widget\" data-e-type=\"widget\" data-widget_type=\"social-icons.default\">\n\t\t\t\t<div class=\"elementor-widget-container\">\n\t\t\t\t\t\t\t<div class=\"elementor-social-icons-wrapper elementor-grid\">\n\t\t\t\t\t\t\t<span class=\"elementor-grid-item\">\n\t\t\t\t\t<a class=\"elementor-icon elementor-social-icon elementor-social-icon-facebook elementor-repeater-item-5106ca4\" href=\"https:\/\/www.facebook.com\/montvalauto\/\" target=\"_blank\">\n\t\t\t\t\t\t<span class=\"elementor-screen-only\">Facebook<\/span>\n\t\t\t\t\t\t<i aria-hidden=\"true\" class=\"fab fa-facebook\"><\/i>\t\t\t\t\t<\/a>\n\t\t\t\t<\/span>\n\t\t\t\t\t<\/div>\n\t\t\t\t\t\t<\/div>\n\t\t\t\t<\/div>\n\t\t\t\t\t<\/div>\n\t\t<\/div>\n\t\t\t\t\t<\/div>\n\t\t<\/section>\n\t\t\t\t<section class=\"elementor-section elementor-top-section elementor-element elementor-element-2736b8e elementor-section-boxed elementor-section-height-default elementor-section-height-default\" data-id=\"2736b8e\" data-element_type=\"section\" data-e-type=\"section\">\n\t\t\t\t\t\t<div class=\"elementor-container elementor-column-gap-default\">\n\t\t\t\t\t<div class=\"elementor-column elementor-col-100 elementor-top-column elementor-element elementor-element-37d18f4\" data-id=\"37d18f4\" data-element_type=\"column\" data-e-type=\"column\">\n\t\t\t<div class=\"elementor-widget-wrap elementor-element-populated\">\n\t\t\t\t\t\t<div class=\"elementor-element elementor-element-640bfc6 elementor-widget elementor-widget-image\" data-id=\"640bfc6\" data-element_type=\"widget\" data-e-type=\"widget\" data-widget_type=\"image.default\">\n\t\t\t\t<div class=\"elementor-widget-container\">\n\t\t\t\t\t\t\t\t\t\t\t\t\t\t\t<img fetchpriority=\"high\" decoding=\"async\" width=\"800\" height=\"600\" src=\"https:\/\/www.montvalauto.com\/wp-content\/uploads\/2021\/12\/monvalauto-horaires.jpg\" class=\"attachment-large size-large wp-image-220\" alt=\"\" srcset=\"https:\/\/www.montvalauto.com\/wp-content\/uploads\/2021\/12\/monvalauto-horaires.jpg 800w, https:\/\/www.montvalauto.com\/wp-content\/uploads\/2021\/12\/monvalauto-horaires-300x225.jpg 300w, https:\/\/www.montvalauto.com\/wp-content\/uploads\/2021\/12\/monvalauto-horaires-768x576.jpg 768w\" sizes=\"(max-width: 800px) 100vw, 800px\" \/>\t\t\t\t\t\t\t\t\t\t\t\t\t\t\t<\/div>\n\t\t\t\t<\/div>\n\t\t\t\t\t<\/div>\n\t\t<\/div>\n\t\t\t\t\t<\/div>\n\t\t<\/section>\n\t\t\t\t<\/div>\n\t\t","protected":false},"excerpt":{"rendered":"<p>N&rsquo;h\u00e9sitez pas \u00e0 nous contacter en renseignant vos coordonn\u00e9es ci-dessous nous vous contacterons tr\u00e8s prochainement. ou par t\u00e9l\u00e9phone : 02 44 52 71 77 &#8212; 06 41 86 29 65 &#8212; 06 41 45 52 91 Mail : montvalauto@gmail.com Vous pouvez aussi suivre notre actualit\u00e9 en cliquant sur l&rsquo;onglet Facebook ci-dessous. Facebook<\/p>\n","protected":false},"author":2,"featured_media":0,"parent":0,"menu_order":0,"comment_status":"closed","ping_status":"closed","template":"","meta":{"ocean_post_layout":"","ocean_both_sidebars_style":"","ocean_both_sidebars_content_width":0,"ocean_both_sidebars_sidebars_width":0,"ocean_sidebar":"0","ocean_second_sidebar":"0","ocean_disable_margins":"enable","ocean_add_body_class":"","ocean_shortcode_before_top_bar":"","ocean_shortcode_after_top_bar":"","ocean_shortcode_before_header":"","ocean_shortcode_after_header":"","ocean_has_shortcode":"","ocean_shortcode_after_title":"","ocean_shortcode_before_footer_widgets":"","ocean_shortcode_after_footer_widgets":"","ocean_shortcode_before_footer_bottom":"","ocean_shortcode_after_footer_bottom":"","ocean_display_top_bar":"default","ocean_display_header":"default","ocean_header_style":"","ocean_center_header_left_menu":"0","ocean_custom_header_template":"0","ocean_custom_logo":0,"ocean_custom_retina_logo":0,"ocean_custom_logo_max_width":0,"ocean_custom_logo_tablet_max_width":0,"ocean_custom_logo_mobile_max_width":0,"ocean_custom_logo_max_height":0,"ocean_custom_logo_tablet_max_height":0,"ocean_custom_logo_mobile_max_height":0,"ocean_header_custom_menu":"0","ocean_menu_typo_font_family":"0","ocean_menu_typo_font_subset":"","ocean_menu_typo_font_size":0,"ocean_menu_typo_font_size_tablet":0,"ocean_menu_typo_font_size_mobile":0,"ocean_menu_typo_font_size_unit":"px","ocean_menu_typo_font_weight":"","ocean_menu_typo_font_weight_tablet":"","ocean_menu_typo_font_weight_mobile":"","ocean_menu_typo_transform":"","ocean_menu_typo_transform_tablet":"","ocean_menu_typo_transform_mobile":"","ocean_menu_typo_line_height":0,"ocean_menu_typo_line_height_tablet":0,"ocean_menu_typo_line_height_mobile":0,"ocean_menu_typo_line_height_unit":"","ocean_menu_typo_spacing":0,"ocean_menu_typo_spacing_tablet":0,"ocean_menu_typo_spacing_mobile":0,"ocean_menu_typo_spacing_unit":"","ocean_menu_link_color":"","ocean_menu_link_color_hover":"","ocean_menu_link_color_active":"","ocean_menu_link_background":"","ocean_menu_link_hover_background":"","ocean_menu_link_active_background":"","ocean_menu_social_links_bg":"","ocean_menu_social_hover_links_bg":"","ocean_menu_social_links_color":"","ocean_menu_social_hover_links_color":"","ocean_disable_title":"default","ocean_disable_heading":"default","ocean_post_title":"","ocean_post_subheading":"","ocean_post_title_style":"","ocean_post_title_background_color":"","ocean_post_title_background":0,"ocean_post_title_bg_image_position":"","ocean_post_title_bg_image_attachment":"","ocean_post_title_bg_image_repeat":"","ocean_post_title_bg_image_size":"","ocean_post_title_height":0,"ocean_post_title_bg_overlay":0.5,"ocean_post_title_bg_overlay_color":"","ocean_disable_breadcrumbs":"default","ocean_breadcrumbs_color":"","ocean_breadcrumbs_separator_color":"","ocean_breadcrumbs_links_color":"","ocean_breadcrumbs_links_hover_color":"","ocean_display_footer_widgets":"default","ocean_display_footer_bottom":"default","ocean_custom_footer_template":"0","footnotes":""},"class_list":["post-47","page","type-page","status-publish","hentry","entry"],"yoast_head":"<!-- This site is optimized with the Yoast SEO plugin v27.4 - https:\/\/yoast.com\/product\/yoast-seo-wordpress\/ -->\n<title>Contact - Montval Auto<\/title>\n<meta name=\"description\" content=\"Garage Auto-Moto M\u00e9canique g\u00e9n\u00e9rale Entretien v\u00e9hicule Mise au point moteur 24h du Mans Sarthe www.montvalauto.com\" \/>\n<meta name=\"robots\" content=\"index, follow, max-snippet:-1, max-image-preview:large, max-video-preview:-1\" \/>\n<link rel=\"canonical\" href=\"https:\/\/www.montvalauto.com\/index.php\/contact\/\" \/>\n<meta property=\"og:locale\" content=\"fr_FR\" \/>\n<meta property=\"og:type\" content=\"article\" \/>\n<meta property=\"og:title\" content=\"Contact - Montval Auto\" \/>\n<meta property=\"og:description\" content=\"Garage Auto-Moto M\u00e9canique g\u00e9n\u00e9rale Entretien v\u00e9hicule Mise au point moteur 24h du Mans Sarthe www.montvalauto.com\" \/>\n<meta property=\"og:url\" content=\"https:\/\/www.montvalauto.com\/index.php\/contact\/\" \/>\n<meta property=\"og:site_name\" content=\"Montval Auto\" \/>\n<meta property=\"article:modified_time\" content=\"2024-02-12T16:15:56+00:00\" \/>\n<meta property=\"og:image\" content=\"https:\/\/www.montvalauto.com\/wp-content\/uploads\/2021\/12\/monvalauto-horaires.jpg\" \/>\n<meta name=\"twitter:card\" content=\"summary_large_image\" \/>\n<meta name=\"twitter:label1\" content=\"Dur\u00e9e de lecture estim\u00e9e\" \/>\n\t<meta name=\"twitter:data1\" content=\"1 minute\" \/>\n<script type=\"application\/ld+json\" class=\"yoast-schema-graph\">{\"@context\":\"https:\\\/\\\/schema.org\",\"@graph\":[{\"@type\":\"WebPage\",\"@id\":\"https:\\\/\\\/www.montvalauto.com\\\/index.php\\\/contact\\\/\",\"url\":\"https:\\\/\\\/www.montvalauto.com\\\/index.php\\\/contact\\\/\",\"name\":\"Contact - Montval Auto\",\"isPartOf\":{\"@id\":\"https:\\\/\\\/www.montvalauto.com\\\/#website\"},\"primaryImageOfPage\":{\"@id\":\"https:\\\/\\\/www.montvalauto.com\\\/index.php\\\/contact\\\/#primaryimage\"},\"image\":{\"@id\":\"https:\\\/\\\/www.montvalauto.com\\\/index.php\\\/contact\\\/#primaryimage\"},\"thumbnailUrl\":\"https:\\\/\\\/www.montvalauto.com\\\/wp-content\\\/uploads\\\/2021\\\/12\\\/monvalauto-horaires.jpg\",\"datePublished\":\"2021-10-18T20:23:40+00:00\",\"dateModified\":\"2024-02-12T16:15:56+00:00\",\"description\":\"Garage Auto-Moto M\u00e9canique g\u00e9n\u00e9rale Entretien v\u00e9hicule Mise au point moteur 24h du Mans Sarthe www.montvalauto.com\",\"breadcrumb\":{\"@id\":\"https:\\\/\\\/www.montvalauto.com\\\/index.php\\\/contact\\\/#breadcrumb\"},\"inLanguage\":\"fr-FR\",\"potentialAction\":[{\"@type\":\"ReadAction\",\"target\":[\"https:\\\/\\\/www.montvalauto.com\\\/index.php\\\/contact\\\/\"]}]},{\"@type\":\"ImageObject\",\"inLanguage\":\"fr-FR\",\"@id\":\"https:\\\/\\\/www.montvalauto.com\\\/index.php\\\/contact\\\/#primaryimage\",\"url\":\"https:\\\/\\\/www.montvalauto.com\\\/wp-content\\\/uploads\\\/2021\\\/12\\\/monvalauto-horaires.jpg\",\"contentUrl\":\"https:\\\/\\\/www.montvalauto.com\\\/wp-content\\\/uploads\\\/2021\\\/12\\\/monvalauto-horaires.jpg\",\"width\":800,\"height\":600,\"caption\":\"www.montvalauto.com\"},{\"@type\":\"BreadcrumbList\",\"@id\":\"https:\\\/\\\/www.montvalauto.com\\\/index.php\\\/contact\\\/#breadcrumb\",\"itemListElement\":[{\"@type\":\"ListItem\",\"position\":1,\"name\":\"Accueil\",\"item\":\"https:\\\/\\\/www.montvalauto.com\\\/\"},{\"@type\":\"ListItem\",\"position\":2,\"name\":\"Contact\"}]},{\"@type\":\"WebSite\",\"@id\":\"https:\\\/\\\/www.montvalauto.com\\\/#website\",\"url\":\"https:\\\/\\\/www.montvalauto.com\\\/\",\"name\":\"Montval Auto\",\"description\":\"M\u00e9canique g\u00e9n\u00e9rale\",\"publisher\":{\"@id\":\"https:\\\/\\\/www.montvalauto.com\\\/#organization\"},\"potentialAction\":[{\"@type\":\"SearchAction\",\"target\":{\"@type\":\"EntryPoint\",\"urlTemplate\":\"https:\\\/\\\/www.montvalauto.com\\\/?s={search_term_string}\"},\"query-input\":{\"@type\":\"PropertyValueSpecification\",\"valueRequired\":true,\"valueName\":\"search_term_string\"}}],\"inLanguage\":\"fr-FR\"},{\"@type\":\"Organization\",\"@id\":\"https:\\\/\\\/www.montvalauto.com\\\/#organization\",\"name\":\"Montval Auto\",\"url\":\"https:\\\/\\\/www.montvalauto.com\\\/\",\"logo\":{\"@type\":\"ImageObject\",\"inLanguage\":\"fr-FR\",\"@id\":\"https:\\\/\\\/www.montvalauto.com\\\/#\\\/schema\\\/logo\\\/image\\\/\",\"url\":\"https:\\\/\\\/www.montvalauto.com\\\/wp-content\\\/uploads\\\/2021\\\/10\\\/logo-montval-auto-_page-0001.jpg\",\"contentUrl\":\"https:\\\/\\\/www.montvalauto.com\\\/wp-content\\\/uploads\\\/2021\\\/10\\\/logo-montval-auto-_page-0001.jpg\",\"width\":1275,\"height\":1650,\"caption\":\"Montval Auto\"},\"image\":{\"@id\":\"https:\\\/\\\/www.montvalauto.com\\\/#\\\/schema\\\/logo\\\/image\\\/\"}}]}<\/script>\n<!-- \/ Yoast SEO plugin. -->","yoast_head_json":{"title":"Contact - Montval Auto","description":"Garage Auto-Moto M\u00e9canique g\u00e9n\u00e9rale Entretien v\u00e9hicule Mise au point moteur 24h du Mans Sarthe www.montvalauto.com","robots":{"index":"index","follow":"follow","max-snippet":"max-snippet:-1","max-image-preview":"max-image-preview:large","max-video-preview":"max-video-preview:-1"},"canonical":"https:\/\/www.montvalauto.com\/index.php\/contact\/","og_locale":"fr_FR","og_type":"article","og_title":"Contact - Montval Auto","og_description":"Garage Auto-Moto M\u00e9canique g\u00e9n\u00e9rale Entretien v\u00e9hicule Mise au point moteur 24h du Mans Sarthe www.montvalauto.com","og_url":"https:\/\/www.montvalauto.com\/index.php\/contact\/","og_site_name":"Montval Auto","article_modified_time":"2024-02-12T16:15:56+00:00","og_image":[{"url":"https:\/\/www.montvalauto.com\/wp-content\/uploads\/2021\/12\/monvalauto-horaires.jpg","type":"","width":"","height":""}],"twitter_card":"summary_large_image","twitter_misc":{"Dur\u00e9e de lecture estim\u00e9e":"1 minute"},"schema":{"@context":"https:\/\/schema.org","@graph":[{"@type":"WebPage","@id":"https:\/\/www.montvalauto.com\/index.php\/contact\/","url":"https:\/\/www.montvalauto.com\/index.php\/contact\/","name":"Contact - Montval Auto","isPartOf":{"@id":"https:\/\/www.montvalauto.com\/#website"},"primaryImageOfPage":{"@id":"https:\/\/www.montvalauto.com\/index.php\/contact\/#primaryimage"},"image":{"@id":"https:\/\/www.montvalauto.com\/index.php\/contact\/#primaryimage"},"thumbnailUrl":"https:\/\/www.montvalauto.com\/wp-content\/uploads\/2021\/12\/monvalauto-horaires.jpg","datePublished":"2021-10-18T20:23:40+00:00","dateModified":"2024-02-12T16:15:56+00:00","description":"Garage Auto-Moto M\u00e9canique g\u00e9n\u00e9rale Entretien v\u00e9hicule Mise au point moteur 24h du Mans Sarthe www.montvalauto.com","breadcrumb":{"@id":"https:\/\/www.montvalauto.com\/index.php\/contact\/#breadcrumb"},"inLanguage":"fr-FR","potentialAction":[{"@type":"ReadAction","target":["https:\/\/www.montvalauto.com\/index.php\/contact\/"]}]},{"@type":"ImageObject","inLanguage":"fr-FR","@id":"https:\/\/www.montvalauto.com\/index.php\/contact\/#primaryimage","url":"https:\/\/www.montvalauto.com\/wp-content\/uploads\/2021\/12\/monvalauto-horaires.jpg","contentUrl":"https:\/\/www.montvalauto.com\/wp-content\/uploads\/2021\/12\/monvalauto-horaires.jpg","width":800,"height":600,"caption":"www.montvalauto.com"},{"@type":"BreadcrumbList","@id":"https:\/\/www.montvalauto.com\/index.php\/contact\/#breadcrumb","itemListElement":[{"@type":"ListItem","position":1,"name":"Accueil","item":"https:\/\/www.montvalauto.com\/"},{"@type":"ListItem","position":2,"name":"Contact"}]},{"@type":"WebSite","@id":"https:\/\/www.montvalauto.com\/#website","url":"https:\/\/www.montvalauto.com\/","name":"Montval Auto","description":"M\u00e9canique g\u00e9n\u00e9rale","publisher":{"@id":"https:\/\/www.montvalauto.com\/#organization"},"potentialAction":[{"@type":"SearchAction","target":{"@type":"EntryPoint","urlTemplate":"https:\/\/www.montvalauto.com\/?s={search_term_string}"},"query-input":{"@type":"PropertyValueSpecification","valueRequired":true,"valueName":"search_term_string"}}],"inLanguage":"fr-FR"},{"@type":"Organization","@id":"https:\/\/www.montvalauto.com\/#organization","name":"Montval Auto","url":"https:\/\/www.montvalauto.com\/","logo":{"@type":"ImageObject","inLanguage":"fr-FR","@id":"https:\/\/www.montvalauto.com\/#\/schema\/logo\/image\/","url":"https:\/\/www.montvalauto.com\/wp-content\/uploads\/2021\/10\/logo-montval-auto-_page-0001.jpg","contentUrl":"https:\/\/www.montvalauto.com\/wp-content\/uploads\/2021\/10\/logo-montval-auto-_page-0001.jpg","width":1275,"height":1650,"caption":"Montval Auto"},"image":{"@id":"https:\/\/www.montvalauto.com\/#\/schema\/logo\/image\/"}}]}},"_links":{"self":[{"href":"https:\/\/www.montvalauto.com\/index.php\/wp-json\/wp\/v2\/pages\/47","targetHints":{"allow":["GET"]}}],"collection":[{"href":"https:\/\/www.montvalauto.com\/index.php\/wp-json\/wp\/v2\/pages"}],"about":[{"href":"https:\/\/www.montvalauto.com\/index.php\/wp-json\/wp\/v2\/types\/page"}],"author":[{"embeddable":true,"href":"https:\/\/www.montvalauto.com\/index.php\/wp-json\/wp\/v2\/users\/2"}],"replies":[{"embeddable":true,"href":"https:\/\/www.montvalauto.com\/index.php\/wp-json\/wp\/v2\/comments?post=47"}],"version-history":[{"count":50,"href":"https:\/\/www.montvalauto.com\/index.php\/wp-json\/wp\/v2\/pages\/47\/revisions"}],"predecessor-version":[{"id":401,"href":"https:\/\/www.montvalauto.com\/index.php\/wp-json\/wp\/v2\/pages\/47\/revisions\/401"}],"wp:attachment":[{"href":"https:\/\/www.montvalauto.com\/index.php\/wp-json\/wp\/v2\/media?parent=47"}],"curies":[{"name":"wp","href":"https:\/\/api.w.org\/{rel}","templated":true}]}}