{"id":2,"date":"2021-09-14T10:47:27","date_gmt":"2021-09-14T08:47:27","guid":{"rendered":"https:\/\/www.montvalauto.com\/?page_id=2"},"modified":"2024-02-17T22:50:37","modified_gmt":"2024-02-17T21:50:37","slug":"accueil-garage-montval-sur-loir-automobile-moto-mecanique-generale","status":"publish","type":"page","link":"https:\/\/www.montvalauto.com\/","title":{"rendered":"Accueil"},"content":{"rendered":"\t\t<div data-elementor-type=\"wp-page\" data-elementor-id=\"2\" class=\"elementor elementor-2\">\n\t\t\t\t\t\t<section class=\"elementor-section elementor-top-section elementor-element elementor-element-cf68638 elementor-section-boxed elementor-section-height-default elementor-section-height-default\" data-id=\"cf68638\" data-element_type=\"section\" data-e-type=\"section\">\n\t\t\t\t\t\t<div class=\"elementor-container elementor-column-gap-default\">\n\t\t\t\t\t<div class=\"elementor-column elementor-col-100 elementor-top-column elementor-element elementor-element-63b5e19\" data-id=\"63b5e19\" data-element_type=\"column\" data-e-type=\"column\">\n\t\t\t<div class=\"elementor-widget-wrap elementor-element-populated\">\n\t\t\t\t\t\t<div class=\"elementor-element elementor-element-9c41286 elementor-arrows-position-inside elementor-pagination-position-outside elementor-widget elementor-widget-image-carousel\" data-id=\"9c41286\" data-element_type=\"widget\" data-e-type=\"widget\" data-settings=\"{&quot;slides_to_show&quot;:&quot;1&quot;,&quot;navigation&quot;:&quot;both&quot;,&quot;autoplay&quot;:&quot;yes&quot;,&quot;pause_on_hover&quot;:&quot;yes&quot;,&quot;pause_on_interaction&quot;:&quot;yes&quot;,&quot;autoplay_speed&quot;:5000,&quot;infinite&quot;:&quot;yes&quot;,&quot;effect&quot;:&quot;slide&quot;,&quot;speed&quot;:500}\" data-widget_type=\"image-carousel.default\">\n\t\t\t\t<div class=\"elementor-widget-container\">\n\t\t\t\t\t\t\t<div class=\"elementor-image-carousel-wrapper swiper\" role=\"region\" aria-roledescription=\"carousel\" aria-label=\"Carrousel d\u2019images\" dir=\"ltr\">\n\t\t\t<div class=\"elementor-image-carousel swiper-wrapper\" aria-live=\"off\">\n\t\t\t\t\t\t\t\t<div class=\"swiper-slide\" role=\"group\" aria-roledescription=\"slide\" aria-label=\"1 sur 5\"><figure class=\"swiper-slide-inner\"><img decoding=\"async\" class=\"swiper-slide-image lazyload\" data-src=\"https:\/\/www.montvalauto.com\/wp-content\/uploads\/elementor\/thumbs\/monvalauto-horaires-pia40b8y6eza6bkohopkrp0n45hb4472aw1r16jcds.jpg\" alt=\"www.montvalauto.com\" src=\"data:image\/svg+xml;base64,PHN2ZyB3aWR0aD0iMSIgaGVpZ2h0PSIxIiB4bWxucz0iaHR0cDovL3d3dy53My5vcmcvMjAwMC9zdmciPjwvc3ZnPg==\" style=\"--smush-placeholder-width: 800px; --smush-placeholder-aspect-ratio: 800\/600;\" \/><\/figure><\/div><div class=\"swiper-slide\" role=\"group\" aria-roledescription=\"slide\" aria-label=\"2 sur 5\"><figure class=\"swiper-slide-inner\"><img decoding=\"async\" class=\"swiper-slide-image lazyload\" data-src=\"https:\/\/www.montvalauto.com\/wp-content\/uploads\/elementor\/thumbs\/montvalauto-garage-pia477ecaoezbdk88nz31yebxvi7k7k7909xq8ber4.jpg\" alt=\"www.montvalauto.com\" src=\"data:image\/svg+xml;base64,PHN2ZyB3aWR0aD0iMSIgaGVpZ2h0PSIxIiB4bWxucz0iaHR0cDovL3d3dy53My5vcmcvMjAwMC9zdmciPjwvc3ZnPg==\" style=\"--smush-placeholder-width: 800px; --smush-placeholder-aspect-ratio: 800\/600;\" \/><\/figure><\/div><div class=\"swiper-slide\" role=\"group\" aria-roledescription=\"slide\" aria-label=\"3 sur 5\"><figure class=\"swiper-slide-inner\"><img decoding=\"async\" class=\"swiper-slide-image lazyload\" data-src=\"https:\/\/www.montvalauto.com\/wp-content\/uploads\/elementor\/thumbs\/montvalautogarage1-pia479a0ochjylhhxosc6xx94n8xzlrnx9kwos8meo.jpg\" alt=\"www.montvalauto.com\" src=\"data:image\/svg+xml;base64,PHN2ZyB3aWR0aD0iMSIgaGVpZ2h0PSIxIiB4bWxucz0iaHR0cDovL3d3dy53My5vcmcvMjAwMC9zdmciPjwvc3ZnPg==\" style=\"--smush-placeholder-width: 800px; --smush-placeholder-aspect-ratio: 800\/600;\" \/><\/figure><\/div><div class=\"swiper-slide\" role=\"group\" aria-roledescription=\"slide\" aria-label=\"4 sur 5\"><figure class=\"swiper-slide-inner\"><img decoding=\"async\" class=\"swiper-slide-image lazyload\" data-src=\"https:\/\/www.montvalauto.com\/wp-content\/uploads\/elementor\/thumbs\/montvalauto-nicolas-pia409d9sqwpj3nesnwbmphpxdqkopzlmmqs2mm4q8.jpg\" alt=\"montvalauto-nicolas\" src=\"data:image\/svg+xml;base64,PHN2ZyB3aWR0aD0iMSIgaGVpZ2h0PSIxIiB4bWxucz0iaHR0cDovL3d3dy53My5vcmcvMjAwMC9zdmciPjwvc3ZnPg==\" style=\"--smush-placeholder-width: 800px; --smush-placeholder-aspect-ratio: 800\/600;\" \/><\/figure><\/div><div class=\"swiper-slide\" role=\"group\" aria-roledescription=\"slide\" aria-label=\"5 sur 5\"><figure class=\"swiper-slide-inner\"><img decoding=\"async\" class=\"swiper-slide-image lazyload\" data-src=\"https:\/\/www.montvalauto.com\/wp-content\/uploads\/elementor\/thumbs\/montvalauto-franck-pia406jr88suk9ri94ofx87c584h1moem8sbmsqb8w.jpg\" alt=\"montvalauto-franck\" src=\"data:image\/svg+xml;base64,PHN2ZyB3aWR0aD0iMSIgaGVpZ2h0PSIxIiB4bWxucz0iaHR0cDovL3d3dy53My5vcmcvMjAwMC9zdmciPjwvc3ZnPg==\" style=\"--smush-placeholder-width: 800px; --smush-placeholder-aspect-ratio: 800\/600;\" \/><\/figure><\/div>\t\t\t<\/div>\n\t\t\t\t\t\t\t\t\t\t\t\t<div class=\"elementor-swiper-button elementor-swiper-button-prev\" role=\"button\" tabindex=\"0\">\n\t\t\t\t\t\t<i aria-hidden=\"true\" class=\"eicon-chevron-left\"><\/i>\t\t\t\t\t<\/div>\n\t\t\t\t\t<div class=\"elementor-swiper-button elementor-swiper-button-next\" role=\"button\" tabindex=\"0\">\n\t\t\t\t\t\t<i aria-hidden=\"true\" class=\"eicon-chevron-right\"><\/i>\t\t\t\t\t<\/div>\n\t\t\t\t\n\t\t\t\t\t\t\t\t\t<div class=\"swiper-pagination\"><\/div>\n\t\t\t\t\t\t\t\t\t<\/div>\n\t\t\t\t\t\t<\/div>\n\t\t\t\t<\/div>\n\t\t\t\t\t<\/div>\n\t\t<\/div>\n\t\t\t\t\t<\/div>\n\t\t<\/section>\n\t\t\t\t<section class=\"elementor-section elementor-top-section elementor-element elementor-element-8992fa9 elementor-section-boxed elementor-section-height-default elementor-section-height-default\" data-id=\"8992fa9\" data-element_type=\"section\" data-e-type=\"section\">\n\t\t\t\t\t\t<div class=\"elementor-container elementor-column-gap-default\">\n\t\t\t\t\t<div class=\"elementor-column elementor-col-100 elementor-top-column elementor-element elementor-element-df90891\" data-id=\"df90891\" data-element_type=\"column\" data-e-type=\"column\">\n\t\t\t<div class=\"elementor-widget-wrap elementor-element-populated\">\n\t\t\t\t\t\t<div class=\"elementor-element elementor-element-89a5adb elementor-invisible elementor-widget elementor-widget-google_maps\" data-id=\"89a5adb\" data-element_type=\"widget\" data-e-type=\"widget\" data-settings=\"{&quot;_animation&quot;:&quot;fadeInUp&quot;}\" data-widget_type=\"google_maps.default\">\n\t\t\t\t<div class=\"elementor-widget-container\">\n\t\t\t\t\t\t\t<div class=\"elementor-custom-embed\">\n\t\t\t<iframe\n\t\t\t\t\tdata-src=\"https:\/\/maps.google.com\/maps?q=9c%20Rue%20Sainte-C%C3%A9cile%2C%2072500%20Montval-sur-Loir&#038;t=m&#038;z=12&#038;output=embed&#038;iwloc=near\"\n\t\t\t\t\ttitle=\"9c Rue Sainte-C\u00e9cile, 72500 Montval-sur-Loir\"\n\t\t\t\t\taria-label=\"9c Rue Sainte-C\u00e9cile, 72500 Montval-sur-Loir\"\n\t\t\t src=\"data:image\/svg+xml;base64,PHN2ZyB3aWR0aD0iMSIgaGVpZ2h0PSIxIiB4bWxucz0iaHR0cDovL3d3dy53My5vcmcvMjAwMC9zdmciPjwvc3ZnPg==\" class=\"lazyload\" data-load-mode=\"1\"><\/iframe>\n\t\t<\/div>\n\t\t\t\t\t\t<\/div>\n\t\t\t\t<\/div>\n\t\t\t\t\t<\/div>\n\t\t<\/div>\n\t\t\t\t\t<\/div>\n\t\t<\/section>\n\t\t\t\t<section class=\"elementor-section elementor-top-section elementor-element elementor-element-dcda047 elementor-section-boxed elementor-section-height-default elementor-section-height-default\" data-id=\"dcda047\" data-element_type=\"section\" data-e-type=\"section\">\n\t\t\t\t\t\t<div class=\"elementor-container elementor-column-gap-default\">\n\t\t\t\t\t<div class=\"elementor-column elementor-col-100 elementor-top-column elementor-element elementor-element-a6f69da\" data-id=\"a6f69da\" data-element_type=\"column\" data-e-type=\"column\">\n\t\t\t<div class=\"elementor-widget-wrap elementor-element-populated\">\n\t\t\t\t\t\t<div class=\"elementor-element elementor-element-ff0e570 elementor-shape-rounded elementor-grid-0 e-grid-align-center elementor-widget elementor-widget-social-icons\" data-id=\"ff0e570\" data-element_type=\"widget\" data-e-type=\"widget\" data-widget_type=\"social-icons.default\">\n\t\t\t\t<div class=\"elementor-widget-container\">\n\t\t\t\t\t\t\t<div class=\"elementor-social-icons-wrapper elementor-grid\" role=\"list\">\n\t\t\t\t\t\t\t<span class=\"elementor-grid-item\" role=\"listitem\">\n\t\t\t\t\t<a class=\"elementor-icon elementor-social-icon elementor-social-icon-facebook elementor-repeater-item-1764d29\" href=\"https:\/\/www.facebook.com\/montvalauto\" target=\"_blank\">\n\t\t\t\t\t\t<span class=\"elementor-screen-only\">Facebook<\/span>\n\t\t\t\t\t\t<i aria-hidden=\"true\" class=\"fab fa-facebook\"><\/i>\t\t\t\t\t<\/a>\n\t\t\t\t<\/span>\n\t\t\t\t\t\t\t<span class=\"elementor-grid-item\" role=\"listitem\">\n\t\t\t\t\t<a class=\"elementor-icon elementor-social-icon elementor-social-icon-youtube elementor-repeater-item-67bef02\" target=\"_blank\">\n\t\t\t\t\t\t<span class=\"elementor-screen-only\">Youtube<\/span>\n\t\t\t\t\t\t<i aria-hidden=\"true\" class=\"fab fa-youtube\"><\/i>\t\t\t\t\t<\/a>\n\t\t\t\t<\/span>\n\t\t\t\t\t<\/div>\n\t\t\t\t\t\t<\/div>\n\t\t\t\t<\/div>\n\t\t\t\t<div class=\"elementor-element elementor-element-f545bb6 elementor-align-center elementor-widget elementor-widget-button\" data-id=\"f545bb6\" data-element_type=\"widget\" data-e-type=\"widget\" data-widget_type=\"button.default\">\n\t\t\t\t<div class=\"elementor-widget-container\">\n\t\t\t\t\t\t\t\t\t<div class=\"elementor-button-wrapper\">\n\t\t\t\t\t<a class=\"elementor-button elementor-button-link elementor-size-xs\" href=\"https:\/\/www.montvalauto.com\/wp-content\/uploads\/2024\/02\/Mentions-Legales-Montvalauto-2024-02-17T20_56_09Z.pdf\" target=\"_blank\">\n\t\t\t\t\t\t<span class=\"elementor-button-content-wrapper\">\n\t\t\t\t\t\t\t\t\t<span class=\"elementor-button-text\">Mentions l\u00e9gales<\/span>\n\t\t\t\t\t<\/span>\n\t\t\t\t\t<\/a>\n\t\t\t\t<\/div>\n\t\t\t\t\t\t\t\t<\/div>\n\t\t\t\t<\/div>\n\t\t\t\t\t<\/div>\n\t\t<\/div>\n\t\t\t\t\t<\/div>\n\t\t<\/section>\n\t\t\t\t<\/div>\n\t\t","protected":false},"excerpt":{"rendered":"<p>Facebook Youtube Mentions l\u00e9gales<\/p>\n","protected":false},"author":1,"featured_media":0,"parent":0,"menu_order":0,"comment_status":"closed","ping_status":"open","template":"","meta":{"ocean_post_layout":"","ocean_both_sidebars_style":"","ocean_both_sidebars_content_width":0,"ocean_both_sidebars_sidebars_width":0,"ocean_sidebar":"0","ocean_second_sidebar":"0","ocean_disable_margins":"on","ocean_add_body_class":"","ocean_shortcode_before_top_bar":"","ocean_shortcode_after_top_bar":"","ocean_shortcode_before_header":"","ocean_shortcode_after_header":"","ocean_has_shortcode":"","ocean_shortcode_after_title":"","ocean_shortcode_before_footer_widgets":"","ocean_shortcode_after_footer_widgets":"","ocean_shortcode_before_footer_bottom":"","ocean_shortcode_after_footer_bottom":"","ocean_display_top_bar":"default","ocean_display_header":"default","ocean_header_style":"","ocean_center_header_left_menu":"0","ocean_custom_header_template":"0","ocean_custom_logo":0,"ocean_custom_retina_logo":0,"ocean_custom_logo_max_width":0,"ocean_custom_logo_tablet_max_width":0,"ocean_custom_logo_mobile_max_width":0,"ocean_custom_logo_max_height":0,"ocean_custom_logo_tablet_max_height":0,"ocean_custom_logo_mobile_max_height":0,"ocean_header_custom_menu":"0","ocean_menu_typo_font_family":"0","ocean_menu_typo_font_subset":"","ocean_menu_typo_font_size":0,"ocean_menu_typo_font_size_tablet":0,"ocean_menu_typo_font_size_mobile":0,"ocean_menu_typo_font_size_unit":"px","ocean_menu_typo_font_weight":"","ocean_menu_typo_font_weight_tablet":"","ocean_menu_typo_font_weight_mobile":"","ocean_menu_typo_transform":"","ocean_menu_typo_transform_tablet":"","ocean_menu_typo_transform_mobile":"","ocean_menu_typo_line_height":0,"ocean_menu_typo_line_height_tablet":0,"ocean_menu_typo_line_height_mobile":0,"ocean_menu_typo_line_height_unit":"","ocean_menu_typo_spacing":0,"ocean_menu_typo_spacing_tablet":0,"ocean_menu_typo_spacing_mobile":0,"ocean_menu_typo_spacing_unit":"","ocean_menu_link_color":"","ocean_menu_link_color_hover":"","ocean_menu_link_color_active":"","ocean_menu_link_background":"","ocean_menu_link_hover_background":"","ocean_menu_link_active_background":"","ocean_menu_social_links_bg":"","ocean_menu_social_hover_links_bg":"","ocean_menu_social_links_color":"","ocean_menu_social_hover_links_color":"","ocean_disable_title":"default","ocean_disable_heading":"default","ocean_post_title":"","ocean_post_subheading":"","ocean_post_title_style":"","ocean_post_title_background_color":"","ocean_post_title_background":0,"ocean_post_title_bg_image_position":"","ocean_post_title_bg_image_attachment":"","ocean_post_title_bg_image_repeat":"","ocean_post_title_bg_image_size":"","ocean_post_title_height":0,"ocean_post_title_bg_overlay":0.5,"ocean_post_title_bg_overlay_color":"","ocean_disable_breadcrumbs":"default","ocean_breadcrumbs_color":"","ocean_breadcrumbs_separator_color":"","ocean_breadcrumbs_links_color":"","ocean_breadcrumbs_links_hover_color":"","ocean_display_footer_widgets":"default","ocean_display_footer_bottom":"default","ocean_custom_footer_template":"0","footnotes":""},"class_list":["post-2","page","type-page","status-publish","hentry","entry"],"yoast_head":"<!-- This site is optimized with the Yoast SEO plugin v27.4 - https:\/\/yoast.com\/product\/yoast-seo-wordpress\/ -->\n<title>Accueil - Montval Auto<\/title>\n<meta name=\"description\" content=\"Garage Auto-Moto M\u00e9canique g\u00e9n\u00e9rale Entretien v\u00e9hicule Montval-sur-Loir 24h du Mans Sarthe www.montvalauto.com\" \/>\n<meta name=\"robots\" content=\"index, follow, max-snippet:-1, max-image-preview:large, max-video-preview:-1\" \/>\n<link rel=\"canonical\" href=\"https:\/\/www.montvalauto.com\/\" \/>\n<meta property=\"og:locale\" content=\"fr_FR\" \/>\n<meta property=\"og:type\" content=\"article\" \/>\n<meta property=\"og:title\" content=\"Accueil - Montval Auto\" \/>\n<meta property=\"og:description\" content=\"Garage Auto-Moto M\u00e9canique g\u00e9n\u00e9rale Entretien v\u00e9hicule Montval-sur-Loir 24h du Mans Sarthe www.montvalauto.com\" \/>\n<meta property=\"og:url\" content=\"https:\/\/www.montvalauto.com\/\" \/>\n<meta property=\"og:site_name\" content=\"Montval Auto\" \/>\n<meta property=\"article:modified_time\" content=\"2024-02-17T21:50:37+00:00\" \/>\n<meta property=\"og:image\" content=\"https:\/\/www.montvalauto.com\/wp-content\/uploads\/elementor\/thumbs\/monvalauto-horaires-pia40b8y6eza6bkohopkrp0n45hb4472aw1qny8fsw.jpg\" \/>\n<meta name=\"twitter:card\" content=\"summary_large_image\" \/>\n<meta name=\"twitter:label1\" content=\"Dur\u00e9e de lecture estim\u00e9e\" \/>\n\t<meta name=\"twitter:data1\" content=\"2 minutes\" \/>\n<script type=\"application\/ld+json\" class=\"yoast-schema-graph\">{\"@context\":\"https:\\\/\\\/schema.org\",\"@graph\":[{\"@type\":\"WebPage\",\"@id\":\"https:\\\/\\\/www.montvalauto.com\\\/\",\"url\":\"https:\\\/\\\/www.montvalauto.com\\\/\",\"name\":\"Accueil - Montval Auto\",\"isPartOf\":{\"@id\":\"https:\\\/\\\/www.montvalauto.com\\\/#website\"},\"primaryImageOfPage\":{\"@id\":\"https:\\\/\\\/www.montvalauto.com\\\/#primaryimage\"},\"image\":{\"@id\":\"https:\\\/\\\/www.montvalauto.com\\\/#primaryimage\"},\"thumbnailUrl\":\"https:\\\/\\\/www.montvalauto.com\\\/wp-content\\\/uploads\\\/elementor\\\/thumbs\\\/monvalauto-horaires-pia40b8y6eza6bkohopkrp0n45hb4472aw1qny8fsw.jpg\",\"datePublished\":\"2021-09-14T08:47:27+00:00\",\"dateModified\":\"2024-02-17T21:50:37+00:00\",\"description\":\"Garage Auto-Moto M\u00e9canique g\u00e9n\u00e9rale Entretien v\u00e9hicule Montval-sur-Loir 24h du Mans Sarthe www.montvalauto.com\",\"breadcrumb\":{\"@id\":\"https:\\\/\\\/www.montvalauto.com\\\/#breadcrumb\"},\"inLanguage\":\"fr-FR\",\"potentialAction\":[{\"@type\":\"ReadAction\",\"target\":[\"https:\\\/\\\/www.montvalauto.com\\\/\"]}]},{\"@type\":\"ImageObject\",\"inLanguage\":\"fr-FR\",\"@id\":\"https:\\\/\\\/www.montvalauto.com\\\/#primaryimage\",\"url\":\"https:\\\/\\\/www.montvalauto.com\\\/wp-content\\\/uploads\\\/elementor\\\/thumbs\\\/monvalauto-horaires-pia40b8y6eza6bkohopkrp0n45hb4472aw1qny8fsw.jpg\",\"contentUrl\":\"https:\\\/\\\/www.montvalauto.com\\\/wp-content\\\/uploads\\\/elementor\\\/thumbs\\\/monvalauto-horaires-pia40b8y6eza6bkohopkrp0n45hb4472aw1qny8fsw.jpg\"},{\"@type\":\"BreadcrumbList\",\"@id\":\"https:\\\/\\\/www.montvalauto.com\\\/#breadcrumb\",\"itemListElement\":[{\"@type\":\"ListItem\",\"position\":1,\"name\":\"Accueil\",\"item\":\"https:\\\/\\\/www.montvalauto.com\\\/\"},{\"@type\":\"ListItem\",\"position\":2,\"name\":\"Accueil\"}]},{\"@type\":\"WebSite\",\"@id\":\"https:\\\/\\\/www.montvalauto.com\\\/#website\",\"url\":\"https:\\\/\\\/www.montvalauto.com\\\/\",\"name\":\"Montval Auto\",\"description\":\"M\u00e9canique g\u00e9n\u00e9rale\",\"publisher\":{\"@id\":\"https:\\\/\\\/www.montvalauto.com\\\/#organization\"},\"potentialAction\":[{\"@type\":\"SearchAction\",\"target\":{\"@type\":\"EntryPoint\",\"urlTemplate\":\"https:\\\/\\\/www.montvalauto.com\\\/?s={search_term_string}\"},\"query-input\":{\"@type\":\"PropertyValueSpecification\",\"valueRequired\":true,\"valueName\":\"search_term_string\"}}],\"inLanguage\":\"fr-FR\"},{\"@type\":\"Organization\",\"@id\":\"https:\\\/\\\/www.montvalauto.com\\\/#organization\",\"name\":\"Montval Auto\",\"url\":\"https:\\\/\\\/www.montvalauto.com\\\/\",\"logo\":{\"@type\":\"ImageObject\",\"inLanguage\":\"fr-FR\",\"@id\":\"https:\\\/\\\/www.montvalauto.com\\\/#\\\/schema\\\/logo\\\/image\\\/\",\"url\":\"https:\\\/\\\/www.montvalauto.com\\\/wp-content\\\/uploads\\\/2021\\\/10\\\/logo-montval-auto-_page-0001.jpg\",\"contentUrl\":\"https:\\\/\\\/www.montvalauto.com\\\/wp-content\\\/uploads\\\/2021\\\/10\\\/logo-montval-auto-_page-0001.jpg\",\"width\":1275,\"height\":1650,\"caption\":\"Montval Auto\"},\"image\":{\"@id\":\"https:\\\/\\\/www.montvalauto.com\\\/#\\\/schema\\\/logo\\\/image\\\/\"}}]}<\/script>\n<!-- \/ Yoast SEO plugin. -->","yoast_head_json":{"title":"Accueil - Montval Auto","description":"Garage Auto-Moto M\u00e9canique g\u00e9n\u00e9rale Entretien v\u00e9hicule Montval-sur-Loir 24h du Mans Sarthe www.montvalauto.com","robots":{"index":"index","follow":"follow","max-snippet":"max-snippet:-1","max-image-preview":"max-image-preview:large","max-video-preview":"max-video-preview:-1"},"canonical":"https:\/\/www.montvalauto.com\/","og_locale":"fr_FR","og_type":"article","og_title":"Accueil - Montval Auto","og_description":"Garage Auto-Moto M\u00e9canique g\u00e9n\u00e9rale Entretien v\u00e9hicule Montval-sur-Loir 24h du Mans Sarthe www.montvalauto.com","og_url":"https:\/\/www.montvalauto.com\/","og_site_name":"Montval Auto","article_modified_time":"2024-02-17T21:50:37+00:00","og_image":[{"url":"https:\/\/www.montvalauto.com\/wp-content\/uploads\/elementor\/thumbs\/monvalauto-horaires-pia40b8y6eza6bkohopkrp0n45hb4472aw1qny8fsw.jpg","type":"","width":"","height":""}],"twitter_card":"summary_large_image","twitter_misc":{"Dur\u00e9e de lecture estim\u00e9e":"2 minutes"},"schema":{"@context":"https:\/\/schema.org","@graph":[{"@type":"WebPage","@id":"https:\/\/www.montvalauto.com\/","url":"https:\/\/www.montvalauto.com\/","name":"Accueil - Montval Auto","isPartOf":{"@id":"https:\/\/www.montvalauto.com\/#website"},"primaryImageOfPage":{"@id":"https:\/\/www.montvalauto.com\/#primaryimage"},"image":{"@id":"https:\/\/www.montvalauto.com\/#primaryimage"},"thumbnailUrl":"https:\/\/www.montvalauto.com\/wp-content\/uploads\/elementor\/thumbs\/monvalauto-horaires-pia40b8y6eza6bkohopkrp0n45hb4472aw1qny8fsw.jpg","datePublished":"2021-09-14T08:47:27+00:00","dateModified":"2024-02-17T21:50:37+00:00","description":"Garage Auto-Moto M\u00e9canique g\u00e9n\u00e9rale Entretien v\u00e9hicule Montval-sur-Loir 24h du Mans Sarthe www.montvalauto.com","breadcrumb":{"@id":"https:\/\/www.montvalauto.com\/#breadcrumb"},"inLanguage":"fr-FR","potentialAction":[{"@type":"ReadAction","target":["https:\/\/www.montvalauto.com\/"]}]},{"@type":"ImageObject","inLanguage":"fr-FR","@id":"https:\/\/www.montvalauto.com\/#primaryimage","url":"https:\/\/www.montvalauto.com\/wp-content\/uploads\/elementor\/thumbs\/monvalauto-horaires-pia40b8y6eza6bkohopkrp0n45hb4472aw1qny8fsw.jpg","contentUrl":"https:\/\/www.montvalauto.com\/wp-content\/uploads\/elementor\/thumbs\/monvalauto-horaires-pia40b8y6eza6bkohopkrp0n45hb4472aw1qny8fsw.jpg"},{"@type":"BreadcrumbList","@id":"https:\/\/www.montvalauto.com\/#breadcrumb","itemListElement":[{"@type":"ListItem","position":1,"name":"Accueil","item":"https:\/\/www.montvalauto.com\/"},{"@type":"ListItem","position":2,"name":"Accueil"}]},{"@type":"WebSite","@id":"https:\/\/www.montvalauto.com\/#website","url":"https:\/\/www.montvalauto.com\/","name":"Montval Auto","description":"M\u00e9canique g\u00e9n\u00e9rale","publisher":{"@id":"https:\/\/www.montvalauto.com\/#organization"},"potentialAction":[{"@type":"SearchAction","target":{"@type":"EntryPoint","urlTemplate":"https:\/\/www.montvalauto.com\/?s={search_term_string}"},"query-input":{"@type":"PropertyValueSpecification","valueRequired":true,"valueName":"search_term_string"}}],"inLanguage":"fr-FR"},{"@type":"Organization","@id":"https:\/\/www.montvalauto.com\/#organization","name":"Montval Auto","url":"https:\/\/www.montvalauto.com\/","logo":{"@type":"ImageObject","inLanguage":"fr-FR","@id":"https:\/\/www.montvalauto.com\/#\/schema\/logo\/image\/","url":"https:\/\/www.montvalauto.com\/wp-content\/uploads\/2021\/10\/logo-montval-auto-_page-0001.jpg","contentUrl":"https:\/\/www.montvalauto.com\/wp-content\/uploads\/2021\/10\/logo-montval-auto-_page-0001.jpg","width":1275,"height":1650,"caption":"Montval Auto"},"image":{"@id":"https:\/\/www.montvalauto.com\/#\/schema\/logo\/image\/"}}]}},"_links":{"self":[{"href":"https:\/\/www.montvalauto.com\/index.php\/wp-json\/wp\/v2\/pages\/2","targetHints":{"allow":["GET"]}}],"collection":[{"href":"https:\/\/www.montvalauto.com\/index.php\/wp-json\/wp\/v2\/pages"}],"about":[{"href":"https:\/\/www.montvalauto.com\/index.php\/wp-json\/wp\/v2\/types\/page"}],"author":[{"embeddable":true,"href":"https:\/\/www.montvalauto.com\/index.php\/wp-json\/wp\/v2\/users\/1"}],"replies":[{"embeddable":true,"href":"https:\/\/www.montvalauto.com\/index.php\/wp-json\/wp\/v2\/comments?post=2"}],"version-history":[{"count":49,"href":"https:\/\/www.montvalauto.com\/index.php\/wp-json\/wp\/v2\/pages\/2\/revisions"}],"predecessor-version":[{"id":428,"href":"https:\/\/www.montvalauto.com\/index.php\/wp-json\/wp\/v2\/pages\/2\/revisions\/428"}],"wp:attachment":[{"href":"https:\/\/www.montvalauto.com\/index.php\/wp-json\/wp\/v2\/media?parent=2"}],"curies":[{"name":"wp","href":"https:\/\/api.w.org\/{rel}","templated":true}]}}